{"id":64,"date":"2020-08-04T08:59:05","date_gmt":"2020-08-04T08:59:05","guid":{"rendered":"http:\/\/www.skillacademy.pl\/?page_id=64"},"modified":"2025-08-19T15:31:32","modified_gmt":"2025-08-19T15:31:32","slug":"kontakt","status":"publish","type":"page","link":"https:\/\/www.skillacademy.pl\/index.php\/kontakt\/","title":{"rendered":"KONTAKT"},"content":{"rendered":"<div class=\"wpb-content-wrapper\"><p>[vc_row full_width=&#8221;stretch_row_content&#8221; scheme=&#8221;default&#8221; css=&#8221;.vc_custom_1597653277952{background-color: #000000 !important;}&#8221;][vc_column][vc_empty_space alter_height=&#8221;none&#8221; hide_on_mobile=&#8221;&#8221;][\/vc_column][\/vc_row][vc_row full_width=&#8221;stretch_row&#8221; scheme=&#8221;dark&#8221; css=&#8221;.vc_custom_1598900412495{background-color: #000000 !important;}&#8221;][vc_column width=&#8221;1\/4&#8243; css=&#8221;.vc_custom_1597958077575{background-color: #000000 !important;}&#8221;][vc_text_separator title=&#8221;LOKALIZACJA&#8221; color=&#8221;custom&#8221; style=&#8221;dashed&#8221; css=&#8221;.vc_custom_1597958061641{margin-top: 10px !important;margin-bottom: 20px !important;background-color: #000000 !important;}&#8221; accent_color=&#8221;#25ddee&#8221;][vc_column_text css=&#8221;.vc_custom_1661438002475{background-color: #000000 !important;}&#8221;]<\/p>\n<h5 style=\"text-align: center;\"><span style=\"color: #ffffff; font-size: 12pt; font-family: Comfortaa;\">ul. Warszawska 3<br \/>\n(vis a vis Decathlon BEMOWO)<br \/>\n05-082 Blizne \u0141aszczy\u0144skiego<\/span><\/h5>\n<p>[\/vc_column_text][vc_text_separator title=&#8221;KONTAKT&#8221; color=&#8221;custom&#8221; style=&#8221;dashed&#8221; css=&#8221;.vc_custom_1597958428044{margin-top: 30px !important;margin-bottom: 20px !important;background-color: #000000 !important;}&#8221; accent_color=&#8221;#25ddee&#8221;][vc_column_text css=&#8221;.vc_custom_1661438047065{background-color: #000000 !important;}&#8221;]<\/p>\n<h5 style=\"text-align: center;\"><span style=\"color: #ffffff; font-family: Comfortaa; font-size: 12pt;\">kontakt@skillacademy.pl<br \/>\ntel. 511-877-283<\/span><\/h5>\n<p>[\/vc_column_text][vc_empty_space alter_height=&#8221;none&#8221; hide_on_mobile=&#8221;&#8221;]<div  id=\"sc_socials_1328578060\" \n\t\tclass=\"sc_socials sc_socials_default sc_align_center  vc_custom_1597915280971\"><div class=\"socials_wrap\"><span class=\"social_item\"><a href=\"https:\/\/www.facebook.com\/Skill-Academy-105548434559901\/\" target=\"_blank\" class=\"social_icons\"><span class=\"icon-facebook\"><\/span><\/a><\/span><span class=\"social_item\"><a href=\"https:\/\/www.instagram.com\/skillacademy_pl\/\" target=\"_blank\" class=\"social_icons\"><span class=\"icon-instagramm\"><\/span><\/a><\/span><\/div><!-- \/.socials_wrap --><\/div><!-- \/.sc_socials -->[\/vc_column][vc_column width=&#8221;1\/4&#8243; css=&#8221;.vc_custom_1597958091527{background-color: #000000 !important;}&#8221;][vc_text_separator title=&#8221;GODZINY OTWARCIA&#8221; color=&#8221;custom&#8221; style=&#8221;dashed&#8221; css=&#8221;.vc_custom_1597957930298{margin-top: 10px !important;margin-bottom: 20px !important;background-color: #000000 !important;}&#8221; accent_color=&#8221;#25ddee&#8221;][vc_column_text css=&#8221;.vc_custom_1755617587177{background-color: #000000 !important;}&#8221;]<\/p>\n<h5 style=\"text-align: center;\"><span style=\"font-size: 12pt; font-family: Comfortaa;\"><span style=\"color: #ffff;\">Poniedzia\u0142ek &#8211; Pi\u0105tek<br \/>\n<\/span><\/span><span style=\"font-size: 12pt; font-family: Comfortaa;\"><span style=\"color: #ffff;\">16:00-21:00<\/p>\n<p><\/span><\/span><span style=\"font-size: 12pt; font-family: Comfortaa;\"><span style=\"color: #ffff;\">Sobota<br \/>\n<\/span><\/span><span style=\"font-size: 12pt; font-family: Comfortaa;\"><span style=\"color: #ffff;\">10:00-12:00<\/span><\/span><\/h5>\n<p>&nbsp;<\/p>\n<p>&nbsp;[\/vc_column_text][vc_text_separator title=&#8221;DANE DO OP\u0141AT&#8221; color=&#8221;custom&#8221; style=&#8221;dashed&#8221; css=&#8221;.vc_custom_1597915042425{margin-bottom: 20px !important;}&#8221; accent_color=&#8221;#25ddee&#8221;][vc_column_text]<\/p>\n<h5 style=\"text-align: center;\"><span style=\"color: #ffffff; font-family: Comfortaa; font-size: 12pt;\">SKILL ACADEMY Sp. z o.o.<br \/>\nnr. konta: 93 1020 1068 0000 1202 0395 6968<br \/>\nw tytule przelewu: imi\u0119 i nazwisko dziecka, nazwa grupy<\/span><\/h5>\n<p>[\/vc_column_text][\/vc_column][vc_column width=&#8221;1\/2&#8243;]<div class=\"wpforms-container wpforms-container-full\" id=\"wpforms-515\"><form id=\"wpforms-form-515\" class=\"wpforms-validate wpforms-form\" data-formid=\"515\" method=\"post\" enctype=\"multipart\/form-data\" action=\"\/index.php\/wp-json\/wp\/v2\/pages\/64\" data-token=\"ddc4dee382cd70328ece042f8dcfb5f9\" data-token-time=\"1778995303\"><noscript class=\"wpforms-error-noscript\">Aby wype\u0142ni\u0107 ten formularz, w\u0142\u0105cz obs\u0142ug\u0119 JavaScript w przegl\u0105darce.<\/noscript><div class=\"wpforms-field-container\"><div id=\"wpforms-515-field_0-container\" class=\"wpforms-field wpforms-field-name\" data-field-id=\"0\"><label class=\"wpforms-field-label\" for=\"wpforms-515-field_0\">Imi\u0119 i nazwisko<\/label><input type=\"text\" id=\"wpforms-515-field_0\" class=\"wpforms-field-large\" name=\"wpforms[fields][0]\" ><\/div><div id=\"wpforms-515-field_1-container\" class=\"wpforms-field wpforms-field-email\" data-field-id=\"1\"><label class=\"wpforms-field-label\" for=\"wpforms-515-field_1\">Email<\/label><input type=\"email\" id=\"wpforms-515-field_1\" class=\"wpforms-field-large\" name=\"wpforms[fields][1]\" spellcheck=\"false\" ><\/div><div id=\"wpforms-515-field_2-container\" class=\"wpforms-field wpforms-field-textarea\" data-field-id=\"2\"><label class=\"wpforms-field-label\" for=\"wpforms-515-field_2\">Wiadomo\u015b\u0107<\/label><textarea id=\"wpforms-515-field_2\" class=\"wpforms-field-medium\" name=\"wpforms[fields][2]\" ><\/textarea><\/div><\/div><!-- .wpforms-field-container --><div class=\"wpforms-submit-container\" ><input type=\"hidden\" name=\"wpforms[id]\" value=\"515\"><input type=\"hidden\" name=\"page_title\" value=\"\"><input type=\"hidden\" name=\"page_url\" value=\"https:\/\/www.skillacademy.pl\/index.php\/wp-json\/wp\/v2\/pages\/64\"><button type=\"submit\" name=\"wpforms[submit]\" id=\"wpforms-submit-515\" class=\"wpforms-submit\" data-alt-text=\"Wysy\u0142anie...\" data-submit-text=\"Wy\u015blij\" aria-live=\"assertive\" value=\"wpforms-submit\">Wy\u015blij<\/button><\/div><\/form><\/div>  <!-- .wpforms-container -->[vc_column_text]<\/p>\n<h5><span style=\"color: #ffffff; font-family: Comfortaa; font-size: 12pt;\">\u00a0Administratorem danych osobowych jest <strong>SKILL ACADEMY, ul. Warszawska 3, 05-082 Blizne \u0141aszczy\u0144skiego<\/strong>. Dane wpisane w formularzu kontaktowym b\u0119d\u0105 przetwarzane jedynie w celu udzielenia odpowiedzi na przes\u0142ane zapytanie.<\/span><\/h5>\n<p>[\/vc_column_text][\/vc_column][\/vc_row][vc_row full_width=&#8221;stretch_row_content&#8221; scheme=&#8221;default&#8221; css=&#8221;.vc_custom_1597653277952{background-color: #000000 !important;}&#8221;][vc_column][vc_empty_space alter_height=&#8221;none&#8221; hide_on_mobile=&#8221;&#8221;][\/vc_column][\/vc_row][vc_row full_width=&#8221;stretch_row_content&#8221; scheme=&#8221;default&#8221; css=&#8221;.vc_custom_1597653277952{background-color: #000000 !important;}&#8221;][vc_column scheme=&#8221;dark&#8221;]<div id=\"sc_googlemap_547724114_wrap\" class=\"sc_googlemap_wrap\"><div id=\"sc_googlemap_547724114\"\n\t\t\tclass=\"sc_googlemap sc_googlemap_default\"\n\t\t\t style=\"width:100%;height:650px;\"\t\t\tdata-zoom=\"15\"\n\t\t\tdata-style=\"default\"\n\t\t\tdata-cluster-icon=\"\"\n        ><iframe\n                    src=\"https:\/\/maps.google.com\/maps?t=m&output=embed&iwloc=near&z=15&q=Warszawska+3%2C+05-082+Blizne+%C5%81aszczy%C5%84skiego\"\n                    scrolling=\"no\"\n                    marginheight=\"0\"\n                    marginwidth=\"0\"\n                    frameborder=\"0\"\n                    aria-label=\"\"><\/iframe><\/div><\/div><!-- \/.sc_googlemap_wrap -->[vc_empty_space alter_height=&#8221;none&#8221; hide_on_mobile=&#8221;&#8221; css=&#8221;.vc_custom_1597653445926{background-color: #000000 !important;}&#8221;][\/vc_column][\/vc_row]<\/p>\n<\/div>","protected":false},"excerpt":{"rendered":"<p>[vc_row full_width=&#8221;stretch_row_content&#8221; scheme=&#8221;default&#8221; css=&#8221;.vc_custom_1597653277952{background-color: #000000 !important;}&#8221;][vc_column][vc_empty_space alter_height=&#8221;none&#8221; hide_on_mobile=&#8221;&#8221;][\/vc_column][\/vc_row][vc_row full_width=&#8221;stretch_row&#8221; scheme=&#8221;dark&#8221; css=&#8221;.vc_custom_1598900412495{background-color: #000000 !important;}&#8221;][vc_column width=&#8221;1\/4&#8243; css=&#8221;.vc_custom_1597958077575{background-color: #000000 !important;}&#8221;][vc_text_separator title=&#8221;LOKALIZACJA&#8221; color=&#8221;custom&#8221; style=&#8221;dashed&#8221; css=&#8221;.vc_custom_1597958061641{margin-top: 10px !important;margin-bottom: 20px !important;background-color: #000000 !important;}&#8221; accent_color=&#8221;#25ddee&#8221;][vc_column_text css=&#8221;.vc_custom_1661438002475{background-color: #000000&hellip;<\/p>\n","protected":false},"author":1,"featured_media":0,"parent":0,"menu_order":0,"comment_status":"closed","ping_status":"closed","template":"","meta":{"footnotes":""},"class_list":["post-64","page","type-page","status-publish","hentry"],"_links":{"self":[{"href":"https:\/\/www.skillacademy.pl\/index.php\/wp-json\/wp\/v2\/pages\/64"}],"collection":[{"href":"https:\/\/www.skillacademy.pl\/index.php\/wp-json\/wp\/v2\/pages"}],"about":[{"href":"https:\/\/www.skillacademy.pl\/index.php\/wp-json\/wp\/v2\/types\/page"}],"author":[{"embeddable":true,"href":"https:\/\/www.skillacademy.pl\/index.php\/wp-json\/wp\/v2\/users\/1"}],"replies":[{"embeddable":true,"href":"https:\/\/www.skillacademy.pl\/index.php\/wp-json\/wp\/v2\/comments?post=64"}],"version-history":[{"count":116,"href":"https:\/\/www.skillacademy.pl\/index.php\/wp-json\/wp\/v2\/pages\/64\/revisions"}],"predecessor-version":[{"id":1928,"href":"https:\/\/www.skillacademy.pl\/index.php\/wp-json\/wp\/v2\/pages\/64\/revisions\/1928"}],"wp:attachment":[{"href":"https:\/\/www.skillacademy.pl\/index.php\/wp-json\/wp\/v2\/media?parent=64"}],"curies":[{"name":"wp","href":"https:\/\/api.w.org\/{rel}","templated":true}]}}