{"id":58,"date":"2020-08-04T08:58:36","date_gmt":"2020-08-04T08:58:36","guid":{"rendered":"http:\/\/www.skillacademy.pl\/?page_id=58"},"modified":"2025-08-19T15:25:10","modified_gmt":"2025-08-19T15:25:10","slug":"instruktorzy","status":"publish","type":"page","link":"https:\/\/www.skillacademy.pl\/index.php\/instruktorzy\/","title":{"rendered":"INSTRUKTORZY"},"content":{"rendered":"<div class=\"wpb-content-wrapper\"><p>[vc_row full_width=&#8221;stretch_row&#8221; css=&#8221;.vc_custom_1597947840103{background-color: #000000 !important;}&#8221;][vc_column][vc_empty_space alter_height=&#8221;none&#8221; hide_on_mobile=&#8221;&#8221;][\/vc_column][\/vc_row][vc_row full_width=&#8221;stretch_row&#8221; css=&#8221;.vc_custom_1597948947316{background-color: #000000 !important;}&#8221;][vc_column width=&#8221;1\/3&#8243; css=&#8221;.vc_custom_1597948896237{background-color: #000000 !important;}&#8221;][vc_single_image image=&#8221;1463&#8243; img_size=&#8221;full&#8221; alignment=&#8221;center&#8221; style=&#8221;vc_box_rounded&#8221; css_animation=&#8221;bounceIn&#8221;][\/vc_column][vc_column width=&#8221;2\/3&#8243; css=&#8221;.vc_custom_1597948904325{background-color: #000000 !important;}&#8221;][vc_column_text]<\/p>\n<h5><span style=\"color: #ffffff; font-family: Comfortaa; font-size: 18pt;\"><br \/>\nPATRYCJA LEJNERT-BANASIUK<\/span><\/h5>\n<p>[\/vc_column_text][vc_empty_space alter_height=&#8221;none&#8221; hide_on_mobile=&#8221;&#8221;]<div  id=\"sc_socials_906026991\" \n\t\tclass=\"sc_socials sc_socials_default\"><div class=\"socials_wrap\"><span class=\"social_item\"><a href=\"https:\/\/www.instagram.com\/patrycja.lejnert.banasiuk\/?fbclid=IwAR2XtfrPs2jz2jB21vi3iUw0bCPwxKeDxTMxeOwhRoOf6M27P0dOBZz0tYQ\" target=\"_blank\" class=\"social_icons\"><span class=\"icon-instagramm\"><\/span><\/a><\/span><\/div><!-- \/.socials_wrap --><\/div><!-- \/.sc_socials -->[vc_empty_space alter_height=&#8221;none&#8221; hide_on_mobile=&#8221;&#8221;][vc_column_text css=&#8221;&#8221;]<span style=\"color: #ffffff;\"><span class=\"Apple-converted-space\">\u00a0<\/span>Za\u0142o\u017cycielka i g\u0142\u00f3wna trenerka w SKILL ACADEMY. Uko\u0144czy\u0142a Instruktorski Kurs Kwalifikacyjny z ta\u0144ca jazzowego, ale to hip hop skrad\u0142 jej serce. Od kilkunastu lat prowadzi zaj\u0119cia taneczne z dzie\u0107mi i m\u0142odzie\u017c\u0105. Szkoli\u0142a si\u0119 w najlepszych instytucjach w Polsce i na \u015bwiecie, np. w Londynie, Los Angeles, Nowym Jorku. Jej ulubione style to hip hop oraz house, w kt\u00f3rych si\u0119 specjalizuje. Jej grupy osi\u0105gaj\u0105 sukcesy taneczne na wielu turniejach i festiwalach.<\/span><\/p>\n<p><span style=\"color: #ffffff;\"><span class=\"Apple-converted-space\">\u00a0<\/span>Swoj\u0105 przygod\u0119 z ta\u0144cem zaczyna\u0142a w swoim rodzinnym mie\u015bcie &#8211; w Soko\u0142owie Podlaskim z grup\u0105 FATUM, z kt\u00f3r\u0105 zdoby\u0142a wielokrotne Mistrzostwa Polski, Europy oraz \u015awiata. By\u0142a r\u00f3wnie\u017c tancerk\u0105 grupy UNIQUE z Warszawy &#8211; Justyny Lichacy, z kt\u00f3r\u0105 wyst\u0119powa\u0142a na r\u00f3\u017cnych scenach w Polsce, r\u00f3wnie\u017c w teatrach. Przez 7 lat wsp\u00f3\u0142tworzy\u0142a inne studio taneczne, a od 2020r stworzy\u0142a sw\u00f3j prywatny \u015bwiat ta\u0144ca &#8211; SKILL ACADEMY.<\/span><\/p>\n<p><span style=\"color: #ffffff;\"><span class=\"Apple-converted-space\">\u00a0<\/span>Kocha to co robi i na zaj\u0119ciach daje z siebie wszystko. Jej energia i podej\u015bcie do uczestnik\u00f3w przerodzi\u0142o si\u0119 w sukces. Najbardziej cieszy j\u0105 rozw\u00f3j taneczny jej podopiecznych.<\/span>[\/vc_column_text][\/vc_column][\/vc_row][vc_row full_width=&#8221;stretch_row&#8221; css=&#8221;.vc_custom_1597947840103{background-color: #000000 !important;}&#8221;][vc_column][vc_separator color=&#8221;custom&#8221; accent_color=&#8221;#25ddee&#8221;][\/vc_column][\/vc_row][vc_row full_width=&#8221;stretch_row&#8221; css=&#8221;.vc_custom_1597949050295{background-color: #000000 !important;}&#8221;][vc_column width=&#8221;2\/3&#8243; css=&#8221;.vc_custom_1597949333296{background-color: #000000 !important;}&#8221;][vc_column_text css=&#8221;&#8221;]<\/p>\n<h5><span style=\"color: #ffffff; font-family: Comfortaa; font-size: 18pt;\"><br \/>\nNATALIA LEPA<\/span><\/h5>\n<p>[\/vc_column_text][vc_empty_space alter_height=&#8221;none&#8221; hide_on_mobile=&#8221;&#8221;][vc_empty_space alter_height=&#8221;none&#8221; hide_on_mobile=&#8221;&#8221;][vc_column_text css=&#8221;&#8221;]<span style=\"color: #ffffff;\">\u00a0Natalia swoj\u0105 przygod\u0119 ze \u015bwiatem tanecznym rozpocz\u0119\u0142a ju\u017c w wieku 6 lat od nauki ta\u0144ca jazzowego. Zakres swoich umiej\u0119tno\u015bci poszerza\u0142a, ucz\u0119szczaj\u0105c do szko\u0142y musicalowej Akademia M\u0142odych Talent\u00f3w, gdzie mia\u0142a mo\u017cliwo\u015b\u0107 pozna\u0107 r\u00f3\u017cne style taneczne oraz narz\u0119dzia potrzebne do pracy na scenie teatru. Kontynuowa\u0142a edukacj\u0119 w zespole Focus Piotra Jeznacha przez 5 lat, zdobywaj\u0105c nagrody na zawodach oraz festiwalach tanecznych, mia\u0142a okazj\u0119 wyst\u0105pi\u0107 w programie telewizyjnym Scena taneczna. Bra\u0142a udzia\u0142 w programie The House of Jazz, warsztatach Focus Dance Division Summer, MoveMent Journey pod okiem tancerzy, choreograf\u00f3w z Polski, Europy, jak i ca\u0142ego \u015bwiata. Uczestniczy\u0142a w projektach choreograficznych Piotra Jeznacha, Izabeli Prokopek oraz Micha\u0142a Przyby\u0142y. Natalia stawia na ci\u0105g\u0142y rozw\u00f3j, poszerzanie wiedzy z zakresu pracy tancerza oraz podej\u015bcia do dzieci. Taniec wsp\u00f3\u0142czesny oraz modern to jej najwi\u0119ksza pasja i d\u0105\u017cy, aby zara\u017ca\u0107 ni\u0105 dzieci na zaj\u0119ciach. Stawia w swojej pracy na profesjonalizm oraz dobr\u0105 energi\u0119, kt\u00f3ra sprzyja rozwojowi podopiecznych.<\/span>[\/vc_column_text][\/vc_column][vc_column width=&#8221;1\/3&#8243;][vc_single_image image=&#8221;1899&#8243; img_size=&#8221;full&#8221; alignment=&#8221;center&#8221; style=&#8221;vc_box_rounded&#8221; css_animation=&#8221;bounceIn&#8221; css=&#8221;&#8221;][\/vc_column][\/vc_row][vc_row full_width=&#8221;stretch_row&#8221; css=&#8221;.vc_custom_1597947840103{background-color: #000000 !important;}&#8221;][vc_column][vc_separator color=&#8221;custom&#8221; accent_color=&#8221;#25ddee&#8221;][\/vc_column][\/vc_row][vc_row full_width=&#8221;stretch_row&#8221; css=&#8221;.vc_custom_1597948947316{background-color: #000000 !important;}&#8221;][vc_column width=&#8221;1\/3&#8243; css=&#8221;.vc_custom_1597948896237{background-color: #000000 !important;}&#8221;][vc_single_image image=&#8221;1462&#8243; img_size=&#8221;full&#8221; alignment=&#8221;center&#8221; style=&#8221;vc_box_rounded&#8221; css_animation=&#8221;bounceIn&#8221;][\/vc_column][vc_column width=&#8221;2\/3&#8243; css=&#8221;.vc_custom_1597948904325{background-color: #000000 !important;}&#8221;][vc_column_text]<\/p>\n<h5><span style=\"color: #ffffff; font-family: Comfortaa; font-size: 18pt;\"><br \/>\nWERONIKA WILCZEWSKA<\/span><\/h5>\n<p>[\/vc_column_text][vc_empty_space alter_height=&#8221;none&#8221; hide_on_mobile=&#8221;&#8221;][vc_column_text css=&#8221;&#8221;]<span style=\"color: #ffffff;\">\u00a0Jej przygoda z ta\u0144cem zacz\u0119\u0142a si\u0119, gdy mia\u0142a 7 lat i trwa do dzi\u015b. Przez te 17 lat nigdy nie przesta\u0142a si\u0119 szkoli\u0107, poniewa\u017c uwa\u017ca, \u017ce ci\u0105g\u0142y rozw\u00f3j jest niezb\u0119dny do tego, by przekazywa\u0107 swoje umiej\u0119tno\u015bci na zaj\u0119ciach.<\/span><\/p>\n<p><span style=\"color: #ffffff;\"><span class=\"Apple-converted-space\">\u00a0<\/span>Hip hop to styl ta\u0144ca, kt\u00f3ry jest najbli\u017cszy jej sercu, ale szkoli\u0142a si\u0119 ona r\u00f3wnie\u017c w innych technikach takich jak popping, locking, house czy voguing, dzi\u0119ki czemu wypracowa\u0142a sw\u00f3j w\u0142asny niepowtarzalny styl.<\/span><br \/>\n<span style=\"color: #ffffff;\"><span class=\"Apple-converted-space\">\u00a0<\/span>Bra\u0142a lekcje u tancerzy z ca\u0142ego \u015bwiata takich jak: Kyoka, Icee, Kefton, Physs czy Kyle Hanagami.<\/span><\/p>\n<p><span style=\"color: #ffffff;\">Uczestniczy\u0142a w wielu zawodach tanecznych w Polsce i za granic\u0105 m.in.: w Danii, Holandii, Niemczech i we W\u0142oszech, zdobywaj\u0105c r\u00f3\u017cne tytu\u0142y, ale tak\u017ce wiedz\u0119 i do\u015bwiadczenie, kt\u00f3re przekazuje na treningach.<\/span>[\/vc_column_text][\/vc_column][\/vc_row][vc_row full_width=&#8221;stretch_row&#8221; css=&#8221;.vc_custom_1597947840103{background-color: #000000 !important;}&#8221;][vc_column][vc_separator color=&#8221;custom&#8221; accent_color=&#8221;#25ddee&#8221;][\/vc_column][\/vc_row][vc_row full_width=&#8221;stretch_row&#8221; css=&#8221;.vc_custom_1597949050295{background-color: #000000 !important;}&#8221;][vc_column width=&#8221;2\/3&#8243; css=&#8221;.vc_custom_1597949333296{background-color: #000000 !important;}&#8221;][vc_column_text]<\/p>\n<h5><span style=\"color: #ffffff; font-family: Comfortaa; font-size: 18pt;\"><br \/>\nMAKSYMILIAN TRACZ<\/span><\/h5>\n<p>[\/vc_column_text][vc_empty_space alter_height=&#8221;none&#8221; hide_on_mobile=&#8221;&#8221;][vc_column_text css=&#8221;&#8221;]<span style=\"color: #ffffff;\">\u00a0M\u0142ody, zdolny i niezwykle ambitny.\u00a0Uko\u0144czy\u0142 kurs Instruktora Sportu ze specjalizacj\u0105: Akrobatyka Sportowa wydanego przez Polsk\u0105 Akademi\u0119 Rozwoju i Sportu. Swoje zdolno\u015bci akrobatyczne nabywa od najm\u0142odszych lat. Jest r\u00f3wnie\u017c wielkim entuzjast\u0105 ta\u0144ca, szczeg\u00f3lnie hip hopu. Pochodzi z wielodzietnej rodziny i praca z dzie\u0107mi nie sprawia mu najmniejszych problem\u00f3w. Dba o efektywno\u015b\u0107 zaj\u0119\u0107, ka\u017cdy trening jest na 100%. Akrobatyka daje mu wiele rado\u015bci a przekazywanie swojej wiedzy z tego zakresu daje ogromn\u0105 satysfakcj\u0119.<\/span>[\/vc_column_text][\/vc_column][vc_column width=&#8221;1\/3&#8243;][vc_single_image image=&#8221;1477&#8243; img_size=&#8221;full&#8221; alignment=&#8221;center&#8221; style=&#8221;vc_box_rounded&#8221; css_animation=&#8221;bounceIn&#8221;][\/vc_column][\/vc_row][vc_row full_width=&#8221;stretch_row&#8221; css=&#8221;.vc_custom_1597947840103{background-color: #000000 !important;}&#8221;][vc_column][vc_separator color=&#8221;custom&#8221; accent_color=&#8221;#25ddee&#8221;][\/vc_column][\/vc_row][vc_row full_width=&#8221;stretch_row&#8221; css=&#8221;.vc_custom_1597948947316{background-color: #000000 !important;}&#8221;][vc_column width=&#8221;1\/3&#8243; css=&#8221;.vc_custom_1597948896237{background-color: #000000 !important;}&#8221;][vc_single_image image=&#8221;1846&#8243; img_size=&#8221;full&#8221; alignment=&#8221;center&#8221; style=&#8221;vc_box_rounded&#8221; css_animation=&#8221;bounceIn&#8221; css=&#8221;&#8221;][\/vc_column][vc_column width=&#8221;2\/3&#8243; css=&#8221;.vc_custom_1597948904325{background-color: #000000 !important;}&#8221;][vc_column_text css=&#8221;&#8221;]<\/p>\n<h5><span style=\"color: #ffffff; font-family: Comfortaa; font-size: 18pt;\"><br \/>\nZUZANNA RUTYNA\u00a0<\/span><\/h5>\n<p>[\/vc_column_text][vc_empty_space alter_height=&#8221;none&#8221; hide_on_mobile=&#8221;&#8221;][vc_column_text css=&#8221;&#8221;]<span style=\"color: #ffffff;\"><b>\u00a0 <\/b>Z ta\u0144cem jest zwi\u0105zana od 6 roku \u017cycia. Przez wiele lat ucz\u0119szcza\u0142a na zaj\u0119cia do Skill Academy, gdzie bra\u0142a udzia\u0142 w wielu turniejach i warsztatach. By\u0142a wieloletni\u0105 tancerk\u0105 grupy Represent z naszego studia. Obecnie studiuje na Uniwersytecie Muzycznym Fryderyka Chopina &#8211; kierunek taniec wsp\u00f3\u0142czesny. Pr\u00f3bowa\u0142a r\u00f3\u017cnych styl\u00f3w ta\u0144ca zaczynaj\u0105c od hip hopu, kt\u00f3ry r\u00f3wnie\u017c ta\u0144czy do dzisiaj. Natomiast to taniec wsp\u00f3\u0142czesny pozwala jej wyra\u017ca\u0107 siebie i dzieli\u0107 si\u0119 swoimi emocjami z innymi. Bardzo lubi miesza\u0107 ze sob\u0105 r\u00f3\u017cne style ta\u0144ca, aby stworzy\u0107 co\u015b niepowtarzalnego.Wa\u017cne jest dla niej zaanga\u017cowanie i mi\u0142a atmosfera. Zale\u017cy jej, aby ka\u017cdy czu\u0142 si\u0119 komfortowo na zaj\u0119ciach i m\u00f3g\u0142 razem z ni\u0105 rozwija\u0107 swoj\u0105 taneczn\u0105 pasj\u0119.<\/span>[\/vc_column_text][\/vc_column][\/vc_row][vc_row full_width=&#8221;stretch_row&#8221; css=&#8221;.vc_custom_1597947840103{background-color: #000000 !important;}&#8221;][vc_column][vc_separator color=&#8221;custom&#8221; accent_color=&#8221;#25ddee&#8221;][\/vc_column][\/vc_row][vc_row full_width=&#8221;stretch_row&#8221; css=&#8221;.vc_custom_1597949050295{background-color: #000000 !important;}&#8221;][vc_column width=&#8221;2\/3&#8243; css=&#8221;.vc_custom_1597949333296{background-color: #000000 !important;}&#8221;][vc_column_text]<\/p>\n<h5><span style=\"color: #ffffff; font-family: Comfortaa; font-size: 18pt;\"><br \/>\nALICJA MATYJA<\/span><\/h5>\n<p>[\/vc_column_text][vc_empty_space alter_height=&#8221;none&#8221; hide_on_mobile=&#8221;&#8221;][vc_column_text css=&#8221;&#8221;]<span style=\"color: #ffffff;\">\u00a0Alicja jest tancerk\u0105 z wieloletnim do\u015bwiadczeniem w pracy na planach zdj\u0119ciowych <a style=\"color: #ffffff;\" href=\"http:\/\/m.in\/\">m.in<\/a>. reklam, klip\u00f3w czy produkcji telewizyjnych. Jako choreografka stara si\u0119 szuka\u0107 w ta\u0144cu w\u0142asnej unikatowej estetyki.\u00a0 W SKILL ACADEMY prowadzi zaj\u0119cia z choreografii dla grup zaawansowanych.<\/span>[\/vc_column_text][\/vc_column][vc_column width=&#8221;1\/3&#8243;][vc_single_image image=&#8221;1507&#8243; img_size=&#8221;full&#8221; alignment=&#8221;center&#8221; style=&#8221;vc_box_rounded&#8221; css_animation=&#8221;bounceIn&#8221;][\/vc_column][\/vc_row][vc_row full_width=&#8221;stretch_row&#8221; css=&#8221;.vc_custom_1725531397392{background-color: #000000 !important;}&#8221;][vc_column][vc_separator color=&#8221;custom&#8221; css=&#8221;&#8221; accent_color=&#8221;#25ddee&#8221;][\/vc_column][\/vc_row][vc_row full_width=&#8221;stretch_row&#8221; css=&#8221;.vc_custom_1597949050295{background-color: #000000 !important;}&#8221;][vc_column width=&#8221;1\/3&#8243;][vc_single_image image=&#8221;1921&#8243; img_size=&#8221;full&#8221; alignment=&#8221;center&#8221; style=&#8221;vc_box_rounded&#8221; css_animation=&#8221;bounceIn&#8221; css=&#8221;&#8221;][\/vc_column][vc_column width=&#8221;2\/3&#8243; css=&#8221;.vc_custom_1597949333296{background-color: #000000 !important;}&#8221;][vc_column_text css=&#8221;&#8221;]<\/p>\n<h5><span style=\"color: #ffffff; font-family: Comfortaa; font-size: 18pt;\"><br \/>\nALICJA \u017bMUDOWSKA<\/span><\/h5>\n<p>[\/vc_column_text][vc_empty_space alter_height=&#8221;none&#8221; hide_on_mobile=&#8221;&#8221;][vc_column_text css=&#8221;&#8221;]<span style=\"color: #ffffff;\">Ucz\u0119szcza\u0142a na zaj\u0119cia do studia SKILL ACADEMY i nale\u017ca\u0142a do grupy REPRESENT. Od 2025 roku zaczyna now\u0105 przygod\u0119 jak\u0105 jest prowadzenie zaj\u0119\u0107 i bycie instruktork\u0105. W SKILL ACADEMY b\u0119dzie prowadzi\u0142a grupy hip hop.<\/span>[\/vc_column_text][\/vc_column][\/vc_row][vc_row full_width=&#8221;stretch_row&#8221; css=&#8221;.vc_custom_1725532798865{background-color: #000000 !important;}&#8221;][vc_column][vc_separator color=&#8221;custom&#8221; css=&#8221;&#8221; accent_color=&#8221;#25ddee&#8221;][\/vc_column][\/vc_row][vc_row full_width=&#8221;stretch_row&#8221; css=&#8221;.vc_custom_1597949050295{background-color: #000000 !important;}&#8221;][vc_column width=&#8221;2\/3&#8243; css=&#8221;.vc_custom_1597949333296{background-color: #000000 !important;}&#8221;][vc_column_text css=&#8221;&#8221;]<\/p>\n<h5><span style=\"color: #ffffff; font-family: Comfortaa; font-size: 18pt;\"><br \/>\nLAURA KUBAS\u00a0<\/span><\/h5>\n<p>[\/vc_column_text][vc_empty_space alter_height=&#8221;none&#8221; hide_on_mobile=&#8221;&#8221;][vc_column_text css=&#8221;&#8221;]<span style=\"color: #ffffff;\">\u00a0Taniec jest jej pasj\u0105 od ma\u0142ego, ta\u0144czy od 13 lat. Reprezentowa\u0142a studio SKILL ACADEMY na wielu zawodach, mistrzostwach oraz szkoli\u0142a swoje umiej\u0119tno\u015bci na wszelakich warsztatach. \u00a0<span class=\"Apple-converted-space\"><br \/>\n<\/span><\/span><br \/>\n<span style=\"color: #ffffff;\">\u00a0Taniec hip hop jest jej form\u0105 wyra\u017cania emocji na parkiecie. Ucz\u0119szcza\u0142a na zaj\u0119cia do studia SKILL ACADEMY i nale\u017ca\u0142a do grupy REPRESENT. Teraz rozpoczyna nowy rozdzia\u0142 jako trenerka.\u00a0<\/span><span class=\"Apple-converted-space\"><br \/>\n<\/span>[\/vc_column_text][\/vc_column][vc_column width=&#8221;1\/3&#8243;][vc_single_image image=&#8221;1858&#8243; img_size=&#8221;full&#8221; alignment=&#8221;center&#8221; style=&#8221;vc_box_rounded&#8221; css_animation=&#8221;bounceIn&#8221; css=&#8221;&#8221;][\/vc_column][\/vc_row]<\/p>\n<\/div>","protected":false},"excerpt":{"rendered":"<p>[vc_row full_width=&#8221;stretch_row&#8221; css=&#8221;.vc_custom_1597947840103{background-color: #000000 !important;}&#8221;][vc_column][vc_empty_space alter_height=&#8221;none&#8221; hide_on_mobile=&#8221;&#8221;][\/vc_column][\/vc_row][vc_row full_width=&#8221;stretch_row&#8221; css=&#8221;.vc_custom_1597948947316{background-color: #000000 !important;}&#8221;][vc_column width=&#8221;1\/3&#8243; css=&#8221;.vc_custom_1597948896237{background-color: #000000 !important;}&#8221;][vc_single_image image=&#8221;1463&#8243; img_size=&#8221;full&#8221; alignment=&#8221;center&#8221; style=&#8221;vc_box_rounded&#8221; css_animation=&#8221;bounceIn&#8221;][\/vc_column][vc_column width=&#8221;2\/3&#8243; css=&#8221;.vc_custom_1597948904325{background-color: #000000 !important;}&#8221;][vc_column_text] PATRYCJA LEJNERT-BANASIUK [\/vc_column_text][vc_empty_space alter_height=&#8221;none&#8221; hide_on_mobile=&#8221;&#8221;][vc_empty_space alter_height=&#8221;none&#8221;&hellip;<\/p>\n","protected":false},"author":1,"featured_media":0,"parent":0,"menu_order":0,"comment_status":"closed","ping_status":"closed","template":"","meta":{"footnotes":""},"class_list":["post-58","page","type-page","status-publish","hentry"],"_links":{"self":[{"href":"https:\/\/www.skillacademy.pl\/index.php\/wp-json\/wp\/v2\/pages\/58"}],"collection":[{"href":"https:\/\/www.skillacademy.pl\/index.php\/wp-json\/wp\/v2\/pages"}],"about":[{"href":"https:\/\/www.skillacademy.pl\/index.php\/wp-json\/wp\/v2\/types\/page"}],"author":[{"embeddable":true,"href":"https:\/\/www.skillacademy.pl\/index.php\/wp-json\/wp\/v2\/users\/1"}],"replies":[{"embeddable":true,"href":"https:\/\/www.skillacademy.pl\/index.php\/wp-json\/wp\/v2\/comments?post=58"}],"version-history":[{"count":88,"href":"https:\/\/www.skillacademy.pl\/index.php\/wp-json\/wp\/v2\/pages\/58\/revisions"}],"predecessor-version":[{"id":1926,"href":"https:\/\/www.skillacademy.pl\/index.php\/wp-json\/wp\/v2\/pages\/58\/revisions\/1926"}],"wp:attachment":[{"href":"https:\/\/www.skillacademy.pl\/index.php\/wp-json\/wp\/v2\/media?parent=58"}],"curies":[{"name":"wp","href":"https:\/\/api.w.org\/{rel}","templated":true}]}}