{"id":499,"date":"2020-08-16T21:44:33","date_gmt":"2020-08-16T21:44:33","guid":{"rendered":"http:\/\/www.skillacademy.pl\/?page_id=499"},"modified":"2022-08-25T14:32:28","modified_gmt":"2022-08-25T14:32:28","slug":"zapisy","status":"publish","type":"page","link":"https:\/\/www.skillacademy.pl\/index.php\/zapisy\/","title":{"rendered":"ZAPISY"},"content":{"rendered":"<div class=\"wpb-content-wrapper\"><p>[vc_row full_width=&#8221;stretch_row&#8221; css=&#8221;.vc_custom_1597614541539{background-color: #000000 !important;}&#8221;][vc_column][vc_empty_space alter_height=&#8221;none&#8221; hide_on_mobile=&#8221;&#8221;][\/vc_column][\/vc_row][vc_row full_width=&#8221;stretch_row&#8221; css=&#8221;.vc_custom_1597614541539{background-color: #000000 !important;}&#8221;][vc_column width=&#8221;1\/3&#8243;][\/vc_column][vc_column width=&#8221;1\/3&#8243;]<div class=\"wpforms-container wpforms-container-full\" id=\"wpforms-587\"><form id=\"wpforms-form-587\" class=\"wpforms-validate wpforms-form\" data-formid=\"587\" method=\"post\" enctype=\"multipart\/form-data\" action=\"\/index.php\/wp-json\/wp\/v2\/pages\/499\" data-token=\"46fb2a8505d65f8897c9d38306f28eaf\" data-token-time=\"1778998419\"><noscript class=\"wpforms-error-noscript\">Aby wype\u0142ni\u0107 ten formularz, w\u0142\u0105cz obs\u0142ug\u0119 JavaScript w przegl\u0105darce.<\/noscript><div class=\"wpforms-field-container\"><div id=\"wpforms-587-field_0-container\" class=\"wpforms-field wpforms-field-name\" data-field-id=\"0\"><label class=\"wpforms-field-label\" for=\"wpforms-587-field_0\">NAZWISKO<\/label><input type=\"text\" id=\"wpforms-587-field_0\" class=\"wpforms-field-large\" name=\"wpforms[fields][0]\" ><\/div><div id=\"wpforms-587-field_5-container\" class=\"wpforms-field wpforms-field-text\" data-field-id=\"5\"><label class=\"wpforms-field-label\" for=\"wpforms-587-field_5\">IMI\u0118<\/label><input type=\"text\" id=\"wpforms-587-field_5\" class=\"wpforms-field-large\" name=\"wpforms[fields][5]\" ><\/div><div id=\"wpforms-587-field_3-container\" class=\"wpforms-field wpforms-field-text\" data-field-id=\"3\"><label class=\"wpforms-field-label\" for=\"wpforms-587-field_3\">ROK URODZENIA<\/label><input type=\"text\" id=\"wpforms-587-field_3\" class=\"wpforms-field-large\" name=\"wpforms[fields][3]\" ><\/div><div id=\"wpforms-587-field_4-container\" class=\"wpforms-field wpforms-field-select wpforms-field-select-style-modern\" data-field-id=\"4\"><label class=\"wpforms-field-label\" for=\"wpforms-587-field_4\">RODZAJ ZAJ\u0118\u0106<\/label><select id=\"wpforms-587-field_4\" class=\"wpforms-field-large choicesjs-select\" data-size-class=\"wpforms-field-row wpforms-field-large\" data-search-enabled=\"\" name=\"wpforms[fields][4][]\" multiple=\"multiple\"><option value=\"\" class=\"placeholder\" disabled >HIP HOP<\/option><option value=\"HIP HOP\" >HIP HOP<\/option><option value=\"MODERN JAZZ\" >MODERN JAZZ<\/option><option value=\"AKROBATYKA\" >AKROBATYKA<\/option><\/select><div class=\"wpforms-field-description\">wybierz jeden rodzaj lub kilka<\/div><\/div><div id=\"wpforms-587-field_1-container\" class=\"wpforms-field wpforms-field-email\" data-field-id=\"1\"><label class=\"wpforms-field-label\" for=\"wpforms-587-field_1\">MAIL<\/label><input type=\"email\" id=\"wpforms-587-field_1\" class=\"wpforms-field-large\" name=\"wpforms[fields][1]\" spellcheck=\"false\" ><\/div><div id=\"wpforms-587-field_8-container\" class=\"wpforms-field wpforms-field-text\" data-field-id=\"8\"><label class=\"wpforms-field-label\" for=\"wpforms-587-field_8\">TELEFON KONTAKTOWY<\/label><input type=\"text\" id=\"wpforms-587-field_8\" class=\"wpforms-field-medium\" name=\"wpforms[fields][8]\" ><\/div><div id=\"wpforms-587-field_2-container\" class=\"wpforms-field wpforms-field-textarea\" data-field-id=\"2\"><label class=\"wpforms-field-label\" for=\"wpforms-587-field_2\">DODATKOWE PYTANIA<\/label><textarea id=\"wpforms-587-field_2\" class=\"wpforms-field-medium\" name=\"wpforms[fields][2]\" ><\/textarea><\/div><\/div><!-- .wpforms-field-container --><div class=\"wpforms-submit-container\" ><input type=\"hidden\" name=\"wpforms[id]\" value=\"587\"><input type=\"hidden\" name=\"page_title\" value=\"\"><input type=\"hidden\" name=\"page_url\" value=\"https:\/\/www.skillacademy.pl\/index.php\/wp-json\/wp\/v2\/pages\/499\"><button type=\"submit\" name=\"wpforms[submit]\" id=\"wpforms-submit-587\" class=\"wpforms-submit\" data-alt-text=\"Wysy\u0142anie...\" data-submit-text=\"Wy\u015blij\" aria-live=\"assertive\" value=\"wpforms-submit\">Wy\u015blij<\/button><\/div><\/form><\/div>  <!-- .wpforms-container -->[vc_column_text]<\/p>\n<h5 style=\"text-align: center;\"><span style=\"color: #ffffff; font-family: Comfortaa; font-size: 12pt;\">\u00a0Administratorem danych osobowych jest<br \/>\n<strong>SKILL ACADEMY, ul. Warszawska 3, 05-082 Blizne \u0141aszczy\u0144skiego<\/strong>. Dane wpisane w formularzu kontaktowym b\u0119d\u0105 przetwarzane jedynie w celu udzielenia odpowiedzi na przes\u0142ane zapytanie.<\/span><\/h5>\n<p>[\/vc_column_text][\/vc_column][vc_column width=&#8221;1\/3&#8243;][\/vc_column][\/vc_row][vc_row full_width=&#8221;stretch_row&#8221; css=&#8221;.vc_custom_1597614541539{background-color: #000000 !important;}&#8221;][vc_column][vc_empty_space alter_height=&#8221;none&#8221; hide_on_mobile=&#8221;&#8221;][\/vc_column][\/vc_row]<\/p>\n<\/div>","protected":false},"excerpt":{"rendered":"<p>[vc_row full_width=&#8221;stretch_row&#8221; css=&#8221;.vc_custom_1597614541539{background-color: #000000 !important;}&#8221;][vc_column][vc_empty_space alter_height=&#8221;none&#8221; hide_on_mobile=&#8221;&#8221;][\/vc_column][\/vc_row][vc_row full_width=&#8221;stretch_row&#8221; css=&#8221;.vc_custom_1597614541539{background-color: #000000 !important;}&#8221;][vc_column width=&#8221;1\/3&#8243;][\/vc_column][vc_column width=&#8221;1\/3&#8243;][vc_column_text] \u00a0Administratorem danych osobowych jest SKILL ACADEMY, ul. Warszawska 3, 05-082 Blizne \u0141aszczy\u0144skiego. Dane wpisane w formularzu kontaktowym&hellip;<\/p>\n","protected":false},"author":1,"featured_media":0,"parent":0,"menu_order":0,"comment_status":"closed","ping_status":"closed","template":"","meta":{"footnotes":""},"class_list":["post-499","page","type-page","status-publish","hentry"],"_links":{"self":[{"href":"https:\/\/www.skillacademy.pl\/index.php\/wp-json\/wp\/v2\/pages\/499"}],"collection":[{"href":"https:\/\/www.skillacademy.pl\/index.php\/wp-json\/wp\/v2\/pages"}],"about":[{"href":"https:\/\/www.skillacademy.pl\/index.php\/wp-json\/wp\/v2\/types\/page"}],"author":[{"embeddable":true,"href":"https:\/\/www.skillacademy.pl\/index.php\/wp-json\/wp\/v2\/users\/1"}],"replies":[{"embeddable":true,"href":"https:\/\/www.skillacademy.pl\/index.php\/wp-json\/wp\/v2\/comments?post=499"}],"version-history":[{"count":10,"href":"https:\/\/www.skillacademy.pl\/index.php\/wp-json\/wp\/v2\/pages\/499\/revisions"}],"predecessor-version":[{"id":1483,"href":"https:\/\/www.skillacademy.pl\/index.php\/wp-json\/wp\/v2\/pages\/499\/revisions\/1483"}],"wp:attachment":[{"href":"https:\/\/www.skillacademy.pl\/index.php\/wp-json\/wp\/v2\/media?parent=499"}],"curies":[{"name":"wp","href":"https:\/\/api.w.org\/{rel}","templated":true}]}}