{"id":375,"date":"2020-08-14T11:36:32","date_gmt":"2020-08-14T11:36:32","guid":{"rendered":"http:\/\/www.skillacademy.pl\/?page_id=375"},"modified":"2022-08-25T14:52:20","modified_gmt":"2022-08-25T14:52:20","slug":"zajecia-indywidualne","status":"publish","type":"page","link":"https:\/\/www.skillacademy.pl\/index.php\/zajecia-indywidualne\/","title":{"rendered":"ZAJ\u0118CIA INDYWIDUALNE"},"content":{"rendered":"<div class=\"wpb-content-wrapper\"><p>[vc_row full_width=&#8221;stretch_row&#8221; css=&#8221;.vc_custom_1597611631215{background-color: #000000 !important;}&#8221;][vc_column][vc_empty_space alter_height=&#8221;none&#8221; hide_on_mobile=&#8221;&#8221;][\/vc_column][\/vc_row][vc_row full_width=&#8221;stretch_row&#8221; content_placement=&#8221;middle&#8221; css=&#8221;.vc_custom_1598900218722{background-color: #000000 !important;}&#8221;][vc_column width=&#8221;1\/2&#8243;][vc_column_text]<\/p>\n<h4><span style=\"color: #ffffff;\"><span style=\"font-size: 14pt; font-family: Comfortaa;\">\u00a0Nie lubisz zaj\u0119\u0107 w grupie? Chcesz trenowa\u0107 indywidualnie?<br \/>\nNie ma problemu!<\/p>\n<p><\/span><span style=\"font-family: Comfortaa; font-size: 14pt;\">\u00a0Odezwij si\u0119 do nas, kt\u00f3ry styl ta\u0144ca ci odpowiada i podpowiemy jak zacz\u0105\u0107. Nie ma znaczenia poziom zaawansowania. Prosimy pytania o treningi indywidualne wysy\u0142a\u0107 na: <a style=\"color: #ffffff;\" href=\"mailto:kontakt@skillacademy.pl\"><span style=\"color: #00ffff;\">kontakt@skillacademy.pl<\/span><\/a><\/p>\n<p><\/span><span style=\"font-family: Comfortaa; font-size: 14pt;\">\u00a0Zaj\u0119cia inne ni\u017c mamy w ofercie? Daj zna\u0107! Wielu instruktor\u00f3w z nami wsp\u00f3\u0142pracuje. Ch\u0119tnie pomo\u017cemy ci w rozwijaniu swojej pasji przy pomocy profesjonalnej kadry trenerskiej.<\/span><\/span><\/h4>\n<p>[\/vc_column_text][\/vc_column][vc_column width=&#8221;1\/2&#8243;][vc_single_image image=&#8221;218&#8243; img_size=&#8221;full&#8221; alignment=&#8221;center&#8221;][\/vc_column][\/vc_row][vc_row full_width=&#8221;stretch_row&#8221; css=&#8221;.vc_custom_1597611656470{background-color: #000000 !important;}&#8221;][vc_column][vc_empty_space alter_height=&#8221;none&#8221; hide_on_mobile=&#8221;&#8221;][\/vc_column][\/vc_row]<\/p>\n<\/div>","protected":false},"excerpt":{"rendered":"<p>[vc_row full_width=&#8221;stretch_row&#8221; css=&#8221;.vc_custom_1597611631215{background-color: #000000 !important;}&#8221;][vc_column][vc_empty_space alter_height=&#8221;none&#8221; hide_on_mobile=&#8221;&#8221;][\/vc_column][\/vc_row][vc_row full_width=&#8221;stretch_row&#8221; content_placement=&#8221;middle&#8221; css=&#8221;.vc_custom_1598900218722{background-color: #000000 !important;}&#8221;][vc_column width=&#8221;1\/2&#8243;][vc_column_text] \u00a0Nie lubisz zaj\u0119\u0107 w grupie? Chcesz trenowa\u0107 indywidualnie? Nie ma problemu! \u00a0Odezwij si\u0119 do nas, kt\u00f3ry styl&hellip;<\/p>\n","protected":false},"author":1,"featured_media":0,"parent":0,"menu_order":0,"comment_status":"closed","ping_status":"closed","template":"","meta":{"footnotes":""},"class_list":["post-375","page","type-page","status-publish","hentry"],"_links":{"self":[{"href":"https:\/\/www.skillacademy.pl\/index.php\/wp-json\/wp\/v2\/pages\/375"}],"collection":[{"href":"https:\/\/www.skillacademy.pl\/index.php\/wp-json\/wp\/v2\/pages"}],"about":[{"href":"https:\/\/www.skillacademy.pl\/index.php\/wp-json\/wp\/v2\/types\/page"}],"author":[{"embeddable":true,"href":"https:\/\/www.skillacademy.pl\/index.php\/wp-json\/wp\/v2\/users\/1"}],"replies":[{"embeddable":true,"href":"https:\/\/www.skillacademy.pl\/index.php\/wp-json\/wp\/v2\/comments?post=375"}],"version-history":[{"count":14,"href":"https:\/\/www.skillacademy.pl\/index.php\/wp-json\/wp\/v2\/pages\/375\/revisions"}],"predecessor-version":[{"id":1488,"href":"https:\/\/www.skillacademy.pl\/index.php\/wp-json\/wp\/v2\/pages\/375\/revisions\/1488"}],"wp:attachment":[{"href":"https:\/\/www.skillacademy.pl\/index.php\/wp-json\/wp\/v2\/media?parent=375"}],"curies":[{"name":"wp","href":"https:\/\/api.w.org\/{rel}","templated":true}]}}