{"id":373,"date":"2020-08-14T11:35:54","date_gmt":"2020-08-14T11:35:54","guid":{"rendered":"http:\/\/www.skillacademy.pl\/?page_id=373"},"modified":"2022-08-25T12:40:06","modified_gmt":"2022-08-25T12:40:06","slug":"pierwszy-taniec","status":"publish","type":"page","link":"https:\/\/www.skillacademy.pl\/index.php\/pierwszy-taniec\/","title":{"rendered":"PIERWSZY TANIEC"},"content":{"rendered":"<div class=\"wpb-content-wrapper\"><p>[vc_row full_width=&#8221;stretch_row&#8221; css=&#8221;.vc_custom_1597611229100{background-color: #000000 !important;}&#8221;][vc_column][vc_empty_space alter_height=&#8221;none&#8221; hide_on_mobile=&#8221;&#8221;][\/vc_column][\/vc_row][vc_row full_width=&#8221;stretch_row&#8221; content_placement=&#8221;middle&#8221; css=&#8221;.vc_custom_1597611461749{background-color: #000000 !important;}&#8221;][vc_column width=&#8221;1\/2&#8243;][vc_column_text]<\/p>\n<h4><span style=\"color: #ffffff;\"><span style=\"font-size: 14pt; font-family: Comfortaa;\">\u00a0Chcesz mie\u0107 wyj\u0105tkow\u0105 choreografi\u0119 na swoim weselu? Nie wiesz od czego zacz\u0105\u0107? Pomo\u017cemy!<\/p>\n<p><\/span><span style=\"font-size: 14pt; font-family: Comfortaa;\">\u00a0Daj nam zna\u0107 a stworzymy indywidualn\u0105 i wyj\u0105tkow\u0105 choreografi\u0119 na tw\u00f3j PIERWSZY TANIEC. Walc, rumba, salsa a mo\u017ce hip hop i co\u015b szalonego? Wszystko zale\u017cy od twojej wyobra\u017ani!<\/p>\n<p><\/span><span style=\"font-size: 14pt; font-family: Comfortaa;\">\u00a0Skonsultuj si\u0119 z nami i wsp\u00f3lnie stworzymy co\u015b wyj\u0105tkowego.<\/span><\/span><\/h4>\n<p>[\/vc_column_text][\/vc_column][vc_column width=&#8221;1\/2&#8243;][vc_single_image image=&#8221;349&#8243; img_size=&#8221;full&#8221;][\/vc_column][\/vc_row][vc_row full_width=&#8221;stretch_row&#8221; css=&#8221;.vc_custom_1597611245433{background-color: #000000 !important;}&#8221;][vc_column][vc_empty_space alter_height=&#8221;none&#8221; hide_on_mobile=&#8221;&#8221;][\/vc_column][\/vc_row]<\/p>\n<\/div>","protected":false},"excerpt":{"rendered":"<p>[vc_row full_width=&#8221;stretch_row&#8221; css=&#8221;.vc_custom_1597611229100{background-color: #000000 !important;}&#8221;][vc_column][vc_empty_space alter_height=&#8221;none&#8221; hide_on_mobile=&#8221;&#8221;][\/vc_column][\/vc_row][vc_row full_width=&#8221;stretch_row&#8221; content_placement=&#8221;middle&#8221; css=&#8221;.vc_custom_1597611461749{background-color: #000000 !important;}&#8221;][vc_column width=&#8221;1\/2&#8243;][vc_column_text] \u00a0Chcesz mie\u0107 wyj\u0105tkow\u0105 choreografi\u0119 na swoim weselu? Nie wiesz od czego zacz\u0105\u0107? Pomo\u017cemy! \u00a0Daj nam zna\u0107 a&hellip;<\/p>\n","protected":false},"author":1,"featured_media":0,"parent":0,"menu_order":0,"comment_status":"closed","ping_status":"closed","template":"","meta":{"footnotes":""},"class_list":["post-373","page","type-page","status-publish","hentry"],"_links":{"self":[{"href":"https:\/\/www.skillacademy.pl\/index.php\/wp-json\/wp\/v2\/pages\/373"}],"collection":[{"href":"https:\/\/www.skillacademy.pl\/index.php\/wp-json\/wp\/v2\/pages"}],"about":[{"href":"https:\/\/www.skillacademy.pl\/index.php\/wp-json\/wp\/v2\/types\/page"}],"author":[{"embeddable":true,"href":"https:\/\/www.skillacademy.pl\/index.php\/wp-json\/wp\/v2\/users\/1"}],"replies":[{"embeddable":true,"href":"https:\/\/www.skillacademy.pl\/index.php\/wp-json\/wp\/v2\/comments?post=373"}],"version-history":[{"count":9,"href":"https:\/\/www.skillacademy.pl\/index.php\/wp-json\/wp\/v2\/pages\/373\/revisions"}],"predecessor-version":[{"id":1456,"href":"https:\/\/www.skillacademy.pl\/index.php\/wp-json\/wp\/v2\/pages\/373\/revisions\/1456"}],"wp:attachment":[{"href":"https:\/\/www.skillacademy.pl\/index.php\/wp-json\/wp\/v2\/media?parent=373"}],"curies":[{"name":"wp","href":"https:\/\/api.w.org\/{rel}","templated":true}]}}