{"id":371,"date":"2020-08-14T11:35:12","date_gmt":"2020-08-14T11:35:12","guid":{"rendered":"http:\/\/www.skillacademy.pl\/?page_id=371"},"modified":"2022-08-25T14:49:19","modified_gmt":"2022-08-25T14:49:19","slug":"wynajem-sal-tanecznych","status":"publish","type":"page","link":"https:\/\/www.skillacademy.pl\/index.php\/wynajem-sal-tanecznych\/","title":{"rendered":"WYNAJEM SAL TANECZNYCH"},"content":{"rendered":"<div class=\"wpb-content-wrapper\"><p>[vc_row full_width=&#8221;stretch_row&#8221; css=&#8221;.vc_custom_1597611152132{background-color: #000000 !important;}&#8221;][vc_column][vc_empty_space alter_height=&#8221;none&#8221; hide_on_mobile=&#8221;&#8221;][vc_column_text]<\/p>\n<h4><span style=\"color: #ffffff;\"><span style=\"font-family: Comfortaa; font-size: 12pt;\">\u00a0W naszym studiu przy ul. Warszawskiej 3 posiadamy \u2013 2 sale taneczne. Cena jest uzale\u017cniona od ilo\u015bci wynaj\u0119tych godzin, rodzaju sali.<\/p>\n<p><\/span><span style=\"font-family: Comfortaa; font-size: 12pt;\">\u00a0Prosimy o kontakt na:<span style=\"color: #00ffff;\"> <a style=\"color: #00ffff;\" href=\"mailto:kontakt@skillacademy.pl\">kontakt@skillacademy.pl<\/a><\/span> lub telefonicznie pod numerem: 511 877 283 w celu zarezerwowania sali.<\/p>\n<p><\/span><span style=\"font-size: 12pt; font-weight: 600; letter-spacing: -0.3px; color: #00ffff;\">SALA 1<\/span><span style=\"font-size: 12pt; font-weight: 600; letter-spacing: -0.3px;\"> \u2013 mniejsza sala, idealna na zaj\u0119cia w grupach mi\u0119dzy 12-15 os\u00f3b, \u015bwietnie nadaje si\u0119 r\u00f3wnie\u017c na zaj\u0119cia w parach czy te\u017c treningi indywidualne. Posiada klimatyzacj\u0119. Sala o powierzchni 45m2.<\/p>\n<p><\/span><span style=\"font-family: Comfortaa; font-size: 12pt;\"><span style=\"color: #00ffff;\">SALA 2<\/span> \u2013 du\u017ca sala, idealna na treningi w wi\u0119kszych grupach, formacjach. Na tej sali znajduje si\u0119 r\u00f3wnie\u017c odpowiedni sprz\u0119t do prowadzenia zaj\u0119\u0107 akrobatycznych, gimnastycznych (\u015bcie\u017cka gimnastyczna, materace, odskocznia). Posiada klimatyzacj\u0119. Sala o powierzchni 100m2.<\/p>\n<p><\/span><\/span><span style=\"color: #000000;\"><span style=\"font-family: Comfortaa; font-size: 12pt;\"><span style=\"font-size: 12pt; letter-spacing: -0.3px; color: #ffffff;\">\u00a0Posiadamy r\u00f3wnie\u017c: klocki do jogi, maty oraz pi\u0142ki do \u0107wicze\u0144, kt\u00f3re wynajmujemy bezp\u0142atnie do sal.<\/span><br \/>\n<\/span><\/span><\/h4>\n<p>[\/vc_column_text][vc_empty_space alter_height=&#8221;none&#8221; hide_on_mobile=&#8221;&#8221;][\/vc_column][\/vc_row]<\/p>\n<\/div>","protected":false},"excerpt":{"rendered":"<p>[vc_row full_width=&#8221;stretch_row&#8221; css=&#8221;.vc_custom_1597611152132{background-color: #000000 !important;}&#8221;][vc_column][vc_empty_space alter_height=&#8221;none&#8221; hide_on_mobile=&#8221;&#8221;][vc_column_text] \u00a0W naszym studiu przy ul. Warszawskiej 3 posiadamy \u2013 2 sale taneczne. Cena jest uzale\u017cniona od ilo\u015bci wynaj\u0119tych godzin, rodzaju sali. \u00a0Prosimy o&hellip;<\/p>\n","protected":false},"author":1,"featured_media":0,"parent":0,"menu_order":0,"comment_status":"closed","ping_status":"closed","template":"","meta":{"footnotes":""},"class_list":["post-371","page","type-page","status-publish","hentry"],"_links":{"self":[{"href":"https:\/\/www.skillacademy.pl\/index.php\/wp-json\/wp\/v2\/pages\/371"}],"collection":[{"href":"https:\/\/www.skillacademy.pl\/index.php\/wp-json\/wp\/v2\/pages"}],"about":[{"href":"https:\/\/www.skillacademy.pl\/index.php\/wp-json\/wp\/v2\/types\/page"}],"author":[{"embeddable":true,"href":"https:\/\/www.skillacademy.pl\/index.php\/wp-json\/wp\/v2\/users\/1"}],"replies":[{"embeddable":true,"href":"https:\/\/www.skillacademy.pl\/index.php\/wp-json\/wp\/v2\/comments?post=371"}],"version-history":[{"count":8,"href":"https:\/\/www.skillacademy.pl\/index.php\/wp-json\/wp\/v2\/pages\/371\/revisions"}],"predecessor-version":[{"id":1486,"href":"https:\/\/www.skillacademy.pl\/index.php\/wp-json\/wp\/v2\/pages\/371\/revisions\/1486"}],"wp:attachment":[{"href":"https:\/\/www.skillacademy.pl\/index.php\/wp-json\/wp\/v2\/media?parent=371"}],"curies":[{"name":"wp","href":"https:\/\/api.w.org\/{rel}","templated":true}]}}