{"id":363,"date":"2020-08-14T11:29:53","date_gmt":"2020-08-14T11:29:53","guid":{"rendered":"http:\/\/www.skillacademy.pl\/?page_id=363"},"modified":"2022-08-25T12:25:53","modified_gmt":"2022-08-25T12:25:53","slug":"warsztaty","status":"publish","type":"page","link":"https:\/\/www.skillacademy.pl\/index.php\/warsztaty\/","title":{"rendered":"WARSZTATY"},"content":{"rendered":"<div class=\"wpb-content-wrapper\"><p>[vc_row full_width=&#8221;stretch_row&#8221; css=&#8221;.vc_custom_1597610628850{background-color: #000000 !important;}&#8221;][vc_column][vc_empty_space alter_height=&#8221;none&#8221; hide_on_mobile=&#8221;&#8221;][\/vc_column][\/vc_row][vc_row full_width=&#8221;stretch_row&#8221; content_placement=&#8221;middle&#8221; css=&#8221;.vc_custom_1598484403485{background-color: #000000 !important;}&#8221;][vc_column width=&#8221;1\/2&#8243;][vc_column_text]<\/p>\n<h5><span style=\"color: #ffffff;\"><span style=\"font-family: Comfortaa; font-size: 14pt;\">\u00a0W naszym studiu przy ul. Warszawskiej 3 organizujemy wiele warsztat\u00f3w tanecznych i nie tylko. Sprawdzaj nasze aktualno\u015bci i b\u0105d\u017a na bie\u017c\u0105co z nowo\u015bciami!<\/p>\n<p><\/span><span style=\"font-family: Comfortaa; font-size: 14pt;\">\u00a0Warsztaty prowadzone s\u0105 przez wykwalifikowan\u0105 kadr\u0119 instruktorsk\u0105. Zaj\u0119cia tego typu maj\u0105 na celu zwi\u0119kszenie \u015bwiadomo\u015bci w ciele oraz rozw\u00f3j taneczny. \u00a0 \u00a0Dzieci, m\u0142odzie\u017c ale i doro\u015bli maj\u0105 szans\u0119 trenowa\u0107 u os\u00f3b, kt\u00f3re na codzie\u0144 ucz\u0105 w ca\u0142ej Polsce i na \u015bwiecie.<\/p>\n<p><\/span><\/span><span style=\"font-family: Comfortaa; font-size: 14pt; color: #000000;\"><span style=\"color: #ffffff;\">\u00a0Wi\u0119cej szczeg\u00f3\u0142\u00f3w odno\u015bnie naszych warsztat\u00f3w i eventow\u0105 znajdziesz w<\/span> <span style=\"color: #00ffff;\"><a style=\"color: #00ffff;\" href=\"https:\/\/www.skillacademy.pl\/index.php\/aktualnosci\/\">AKTUALNO\u015aCIACH<\/a><\/span><\/span><\/h5>\n<p>[\/vc_column_text][\/vc_column][vc_column width=&#8221;1\/2&#8243;][vc_single_image image=&#8221;353&#8243; img_size=&#8221;full&#8221; alignment=&#8221;center&#8221;][\/vc_column][\/vc_row][vc_row full_width=&#8221;stretch_row&#8221; css=&#8221;.vc_custom_1597610628850{background-color: #000000 !important;}&#8221;][vc_column][vc_empty_space alter_height=&#8221;none&#8221; hide_on_mobile=&#8221;&#8221;][\/vc_column][\/vc_row]<\/p>\n<\/div>","protected":false},"excerpt":{"rendered":"<p>[vc_row full_width=&#8221;stretch_row&#8221; css=&#8221;.vc_custom_1597610628850{background-color: #000000 !important;}&#8221;][vc_column][vc_empty_space alter_height=&#8221;none&#8221; hide_on_mobile=&#8221;&#8221;][\/vc_column][\/vc_row][vc_row full_width=&#8221;stretch_row&#8221; content_placement=&#8221;middle&#8221; css=&#8221;.vc_custom_1598484403485{background-color: #000000 !important;}&#8221;][vc_column width=&#8221;1\/2&#8243;][vc_column_text] \u00a0W naszym studiu przy ul. Warszawskiej 3 organizujemy wiele warsztat\u00f3w tanecznych i nie tylko. Sprawdzaj nasze aktualno\u015bci&hellip;<\/p>\n","protected":false},"author":1,"featured_media":0,"parent":0,"menu_order":0,"comment_status":"closed","ping_status":"closed","template":"","meta":{"footnotes":""},"class_list":["post-363","page","type-page","status-publish","hentry"],"_links":{"self":[{"href":"https:\/\/www.skillacademy.pl\/index.php\/wp-json\/wp\/v2\/pages\/363"}],"collection":[{"href":"https:\/\/www.skillacademy.pl\/index.php\/wp-json\/wp\/v2\/pages"}],"about":[{"href":"https:\/\/www.skillacademy.pl\/index.php\/wp-json\/wp\/v2\/types\/page"}],"author":[{"embeddable":true,"href":"https:\/\/www.skillacademy.pl\/index.php\/wp-json\/wp\/v2\/users\/1"}],"replies":[{"embeddable":true,"href":"https:\/\/www.skillacademy.pl\/index.php\/wp-json\/wp\/v2\/comments?post=363"}],"version-history":[{"count":16,"href":"https:\/\/www.skillacademy.pl\/index.php\/wp-json\/wp\/v2\/pages\/363\/revisions"}],"predecessor-version":[{"id":1454,"href":"https:\/\/www.skillacademy.pl\/index.php\/wp-json\/wp\/v2\/pages\/363\/revisions\/1454"}],"wp:attachment":[{"href":"https:\/\/www.skillacademy.pl\/index.php\/wp-json\/wp\/v2\/media?parent=363"}],"curies":[{"name":"wp","href":"https:\/\/api.w.org\/{rel}","templated":true}]}}