{"id":36,"date":"2020-08-02T18:29:02","date_gmt":"2020-08-02T18:29:02","guid":{"rendered":"http:\/\/www.skillacademy.pl\/?page_id=36"},"modified":"2022-08-25T12:56:53","modified_gmt":"2022-08-25T12:56:53","slug":"o-nas","status":"publish","type":"page","link":"https:\/\/www.skillacademy.pl\/index.php\/o-nas\/","title":{"rendered":"O NAS"},"content":{"rendered":"<div class=\"wpb-content-wrapper\"><p>[vc_row full_width=&#8221;stretch_row&#8221; css=&#8221;.vc_custom_1597609391323{background-color: #000000 !important;}&#8221;][vc_column][vc_empty_space alter_height=&#8221;none&#8221; hide_on_mobile=&#8221;&#8221;][\/vc_column][\/vc_row][vc_row full_width=&#8221;stretch_row&#8221; css=&#8221;.vc_custom_1597609336636{background-color: #000000 !important;}&#8221;][vc_column width=&#8221;1\/2&#8243;][vc_column_text]<\/p>\n<h2 style=\"text-align: center;\"><span style=\"font-family: Comfortaa;\"><span style=\"color: #25ddee;\">WITAJ W SKILL ACADEMY <\/span><span style=\"color: #25ddee;\">!<\/span><\/span><\/h2>\n<p>[\/vc_column_text][vc_empty_space alter_height=&#8221;none&#8221; hide_on_mobile=&#8221;&#8221;][vc_column_text]<\/p>\n<h5><span style=\"color: #ffffff; font-family: Comfortaa; font-size: 14pt;\">\u00a0 Jeste\u015bmy szko\u0142\u0105 ta\u0144ca i akrobatyki, kt\u00f3ra powsta\u0142a w 2020r. z pasji do tego rodzaju sztuki. G\u0142\u00f3wnym naszym za\u0142o\u017ceniem jest rozw\u00f3j oraz przekazywanie wiedzy tanecznej naszym podopiecznym. Stawiamy na energi\u0119 oraz do\u015bwiadczenie.<\/span><\/h5>\n<p><span style=\"color: #ffffff; font-size: 14pt; font-family: Comfortaa;\">\u00a0SKILL ACADEMY to przede wszystkim cudowni ludzie, tancerze, instruktorzy, rodzice, kt\u00f3rzy tworz\u0105 to miejsce. Staramy si\u0119 indywidualnie podchodzi\u0107 do naszych tancerzy i przekazywa\u0107 im jak najwi\u0119ksz\u0105 wiedz\u0119 oraz wspiera\u0107 ich rozw\u00f3j taneczny oraz zwi\u0119ksza\u0107 \u015bwiadomo\u015b\u0107 cia\u0142a.<\/span><\/p>\n<p><span style=\"color: #ffffff; font-size: 14pt; font-family: Comfortaa;\">\u00a0Zwie\u0144czeniem naszego corocznego sezonu s\u0105 zawsze pokazy SKILL ACADEMY SHOW, czyli uroczysta gala taneczna na kt\u00f3rej prezentuj\u0105 si\u0119 wszystkie nasze grupy i pokazuj\u0105 nabyte przez rok umiej\u0119tno\u015bci.<\/span><\/p>\n<p><span style=\"color: #ffffff; font-size: 14pt; font-family: Comfortaa;\">\u00a0Prowadzimy zaj\u0119cia w naszym g\u0142\u00f3wnym studiu przy ul. Warszawskiej 3 w Warszawie.<\/span>[\/vc_column_text][\/vc_column][vc_column width=&#8221;1\/2&#8243;][vc_single_image image=&#8221;1410&#8243; img_size=&#8221;full&#8221;][\/vc_column][\/vc_row][vc_row full_width=&#8221;stretch_row&#8221; css=&#8221;.vc_custom_1597609401654{background-color: #000000 !important;}&#8221;][vc_column][vc_empty_space alter_height=&#8221;none&#8221; hide_on_mobile=&#8221;&#8221;][\/vc_column][\/vc_row]<\/p>\n<\/div>","protected":false},"excerpt":{"rendered":"<p>[vc_row full_width=&#8221;stretch_row&#8221; css=&#8221;.vc_custom_1597609391323{background-color: #000000 !important;}&#8221;][vc_column][vc_empty_space alter_height=&#8221;none&#8221; hide_on_mobile=&#8221;&#8221;][\/vc_column][\/vc_row][vc_row full_width=&#8221;stretch_row&#8221; css=&#8221;.vc_custom_1597609336636{background-color: #000000 !important;}&#8221;][vc_column width=&#8221;1\/2&#8243;][vc_column_text] WITAJ W SKILL ACADEMY ! [\/vc_column_text][vc_empty_space alter_height=&#8221;none&#8221; hide_on_mobile=&#8221;&#8221;][vc_column_text] \u00a0 Jeste\u015bmy szko\u0142\u0105 ta\u0144ca i akrobatyki, kt\u00f3ra powsta\u0142a w 2020r.&hellip;<\/p>\n","protected":false},"author":1,"featured_media":0,"parent":0,"menu_order":0,"comment_status":"closed","ping_status":"closed","template":"","meta":{"footnotes":""},"class_list":["post-36","page","type-page","status-publish","hentry"],"_links":{"self":[{"href":"https:\/\/www.skillacademy.pl\/index.php\/wp-json\/wp\/v2\/pages\/36"}],"collection":[{"href":"https:\/\/www.skillacademy.pl\/index.php\/wp-json\/wp\/v2\/pages"}],"about":[{"href":"https:\/\/www.skillacademy.pl\/index.php\/wp-json\/wp\/v2\/types\/page"}],"author":[{"embeddable":true,"href":"https:\/\/www.skillacademy.pl\/index.php\/wp-json\/wp\/v2\/users\/1"}],"replies":[{"embeddable":true,"href":"https:\/\/www.skillacademy.pl\/index.php\/wp-json\/wp\/v2\/comments?post=36"}],"version-history":[{"count":25,"href":"https:\/\/www.skillacademy.pl\/index.php\/wp-json\/wp\/v2\/pages\/36\/revisions"}],"predecessor-version":[{"id":1460,"href":"https:\/\/www.skillacademy.pl\/index.php\/wp-json\/wp\/v2\/pages\/36\/revisions\/1460"}],"wp:attachment":[{"href":"https:\/\/www.skillacademy.pl\/index.php\/wp-json\/wp\/v2\/media?parent=36"}],"curies":[{"name":"wp","href":"https:\/\/api.w.org\/{rel}","templated":true}]}}